{"id":19312,"date":"2025-11-25T07:26:01","date_gmt":"2025-11-25T06:26:01","guid":{"rendered":"https:\/\/huepferli-segel.de\/?post_type=product&#038;p=19312"},"modified":"2025-11-25T07:41:26","modified_gmt":"2025-11-25T06:41:26","slug":"gutschein","status":"publish","type":"product","link":"https:\/\/huepferli-segel.de\/en\/produkt\/gutschein\/","title":{"rendered":"Gutschein"},"content":{"rendered":"<h2>Geschenkgutschein<\/h2>\n<p>Du m\u00f6chtest eine Tasche verschenken aber du wei\u00dft nicht genau welche Farbkombination es werden soll oder du m\u00f6chtest jemandem einfach einen Teil zu seiner Tasche beisteuern. Dann findest du hier unseren Gutschein f\u00fcr unseren Online-Shop.<\/p>\n<p>Den Gutscheinwert kannst du selbst bestimmen zwischen 10\u20ac &#8211; 200\u20ac. nach Zahlungseingang bekommst du den Gutschein direkt als PDF per Mail zugeschickt und kannst ihn dann ausdrucken oder gleich weiterschicken.<\/p>\n<p>Der Gutschein ist nur bei uns im Online-Shop einl\u00f6sbar und der Gutschein ist nicht auszahlbar.<\/p>\n<p>Es k\u00f6nnen mehrere Gutscheine pro Bestellung eingel\u00f6st werden, also k\u00f6nnen einer Person auch mehrere einzelne Gutscheine geschenkt werden.<\/p>\n<p>Wenn der Gutschein h\u00f6her ist als der Bestellwert beim einl\u00f6sen bleibt das Restguthaben erhalten solange der Gutschein g\u00fcltig ist.<\/p>\n","protected":false},"excerpt":{"rendered":"<p>Geschenkgutschein Du m\u00f6chtest eine Tasche verschenken aber du wei\u00dft nicht genau welche Farbkombination es werden soll oder du m\u00f6chtest jemandem einfach einen Teil zu seiner Tasche beisteuern. Dann findest du hier unseren Gutschein f\u00fcr unseren Online-Shop. Den Gutscheinwert kannst du selbst bestimmen zwischen 10\u20ac &#8211; 200\u20ac. nach Zahlungseingang bekommst du den Gutschein direkt als PDF [&hellip;]<\/p>\n","protected":false},"featured_media":19313,"template":"","meta":[],"product_brand":[],"product_cat":[123,15],"product_tag":[122],"class_list":{"0":"post-19312","1":"product","2":"type-product","3":"status-publish","4":"has-post-thumbnail","6":"product_cat-gutschein","7":"product_cat-unkategorisiert","8":"product_tag-gutschein","10":"first","11":"instock","12":"virtual","13":"sold-individually","14":"purchasable","15":"product-type-voucher"},"yoast_head":"<!-- This site is optimized with the Yoast SEO Premium plugin v27.3 (Yoast SEO v27.3) - https:\/\/yoast.com\/product\/yoast-seo-premium-wordpress\/ -->\n<title>Gutschein - H\u00fcpferli-Segel<\/title>\n<meta name=\"description\" content=\"Unsicher bei der Farbkombination f\u00fcr das Geschenk oder du m\u00f6chtest einen Teil zur Tasche dazugeben? Kein Problem mit dem Gutschein f\u00fcr unseren Online-Shop.\" \/>\n<meta name=\"robots\" content=\"index, follow, max-snippet:-1, max-image-preview:large, max-video-preview:-1\" \/>\n<link rel=\"canonical\" href=\"https:\/\/huepferli-segel.de\/en\/produkt\/gutschein\/\" \/>\n<meta property=\"og:locale\" content=\"en_US\" \/>\n<meta property=\"og:type\" content=\"article\" \/>\n<meta property=\"og:title\" content=\"Gutschein\" \/>\n<meta property=\"og:description\" content=\"Unsicher bei der Farbkombination f\u00fcr das Geschenk oder du m\u00f6chtest einen Teil zur Tasche dazugeben? Kein Problem mit dem Gutschein f\u00fcr unseren Online-Shop.\" \/>\n<meta property=\"og:url\" content=\"https:\/\/huepferli-segel.de\/en\/produkt\/gutschein\/\" \/>\n<meta property=\"og:site_name\" content=\"H\u00fcpferli-Segel\" \/>\n<meta property=\"article:modified_time\" content=\"2025-11-25T06:41:26+00:00\" \/>\n<meta property=\"og:image\" content=\"https:\/\/huepferli-segel.de\/wp-content\/uploads\/2025\/11\/Gutschein-Produktbild-scaled.png\" \/>\n\t<meta property=\"og:image:width\" content=\"2560\" \/>\n\t<meta property=\"og:image:height\" content=\"2560\" \/>\n\t<meta property=\"og:image:type\" content=\"image\/png\" \/>\n<meta name=\"twitter:card\" content=\"summary_large_image\" \/>\n<meta name=\"twitter:label1\" content=\"Price\" \/>\n\t<meta name=\"twitter:data1\" content=\"\" \/>\n\t<meta name=\"twitter:label2\" content=\"Availability\" \/>\n\t<meta name=\"twitter:data2\" content=\"In stock\" \/>\n<script type=\"application\/ld+json\" class=\"yoast-schema-graph\">{\"@context\":\"https:\\\/\\\/schema.org\",\"@graph\":[{\"@type\":\"WebPage\",\"@id\":\"https:\\\/\\\/huepferli-segel.de\\\/en\\\/produkt\\\/gutschein\\\/\",\"url\":\"https:\\\/\\\/huepferli-segel.de\\\/en\\\/produkt\\\/gutschein\\\/\",\"name\":\"Gutschein - H\u00fcpferli-Segel\",\"isPartOf\":{\"@id\":\"https:\\\/\\\/huepferli-segel.de\\\/en\\\/#website\"},\"primaryImageOfPage\":{\"@id\":\"https:\\\/\\\/huepferli-segel.de\\\/en\\\/produkt\\\/gutschein\\\/#primaryimage\"},\"image\":{\"@id\":\"https:\\\/\\\/huepferli-segel.de\\\/en\\\/produkt\\\/gutschein\\\/#primaryimage\"},\"thumbnailUrl\":\"https:\\\/\\\/huepferli-segel.de\\\/wp-content\\\/uploads\\\/2025\\\/11\\\/Gutschein-Produktbild-scaled.png\",\"datePublished\":\"2025-11-25T06:26:01+00:00\",\"dateModified\":\"2025-11-25T06:41:26+00:00\",\"description\":\"Unsicher bei der Farbkombination f\u00fcr das Geschenk oder du m\u00f6chtest einen Teil zur Tasche dazugeben? Kein Problem mit dem Gutschein f\u00fcr unseren Online-Shop.\",\"breadcrumb\":{\"@id\":\"https:\\\/\\\/huepferli-segel.de\\\/en\\\/produkt\\\/gutschein\\\/#breadcrumb\"},\"inLanguage\":\"en-US\",\"potentialAction\":[{\"@type\":\"ReadAction\",\"target\":[\"https:\\\/\\\/huepferli-segel.de\\\/en\\\/produkt\\\/gutschein\\\/\"]}]},{\"@type\":\"ImageObject\",\"inLanguage\":\"en-US\",\"@id\":\"https:\\\/\\\/huepferli-segel.de\\\/en\\\/produkt\\\/gutschein\\\/#primaryimage\",\"url\":\"https:\\\/\\\/huepferli-segel.de\\\/wp-content\\\/uploads\\\/2025\\\/11\\\/Gutschein-Produktbild-scaled.png\",\"contentUrl\":\"https:\\\/\\\/huepferli-segel.de\\\/wp-content\\\/uploads\\\/2025\\\/11\\\/Gutschein-Produktbild-scaled.png\",\"width\":2560,\"height\":2560},{\"@type\":\"BreadcrumbList\",\"@id\":\"https:\\\/\\\/huepferli-segel.de\\\/en\\\/produkt\\\/gutschein\\\/#breadcrumb\",\"itemListElement\":[{\"@type\":\"ListItem\",\"position\":1,\"name\":\"Home\",\"item\":\"https:\\\/\\\/huepferli-segel.de\\\/en\\\/\"},{\"@type\":\"ListItem\",\"position\":2,\"name\":\"Products\",\"item\":\"https:\\\/\\\/huepferli-segel.de\\\/en\\\/shop\\\/\"},{\"@type\":\"ListItem\",\"position\":3,\"name\":\"Gutschein\"}]},{\"@type\":\"WebSite\",\"@id\":\"https:\\\/\\\/huepferli-segel.de\\\/en\\\/#website\",\"url\":\"https:\\\/\\\/huepferli-segel.de\\\/en\\\/\",\"name\":\"H\u00fcpferli-Segel\",\"description\":\"\",\"publisher\":{\"@id\":\"https:\\\/\\\/huepferli-segel.de\\\/en\\\/#organization\"},\"potentialAction\":[{\"@type\":\"SearchAction\",\"target\":{\"@type\":\"EntryPoint\",\"urlTemplate\":\"https:\\\/\\\/huepferli-segel.de\\\/en\\\/?s={search_term_string}\"},\"query-input\":{\"@type\":\"PropertyValueSpecification\",\"valueRequired\":true,\"valueName\":\"search_term_string\"}}],\"inLanguage\":\"en-US\"},{\"@type\":\"Organization\",\"@id\":\"https:\\\/\\\/huepferli-segel.de\\\/en\\\/#organization\",\"name\":\"H\u00fcpferli-Segel\",\"url\":\"https:\\\/\\\/huepferli-segel.de\\\/en\\\/\",\"logo\":{\"@type\":\"ImageObject\",\"inLanguage\":\"en-US\",\"@id\":\"https:\\\/\\\/huepferli-segel.de\\\/en\\\/#\\\/schema\\\/logo\\\/image\\\/\",\"url\":\"https:\\\/\\\/huepferli-segel.de\\\/wp-content\\\/uploads\\\/2024\\\/07\\\/Original-2.webp\",\"contentUrl\":\"https:\\\/\\\/huepferli-segel.de\\\/wp-content\\\/uploads\\\/2024\\\/07\\\/Original-2.webp\",\"width\":350,\"height\":351,\"caption\":\"H\u00fcpferli-Segel\"},\"image\":{\"@id\":\"https:\\\/\\\/huepferli-segel.de\\\/en\\\/#\\\/schema\\\/logo\\\/image\\\/\"}}]}<\/script>\n<meta property=\"product:price:currency\" content=\"EUR\" \/>\n<meta property=\"og:availability\" content=\"instock\" \/>\n<meta property=\"product:availability\" content=\"instock\" \/>\n<meta property=\"product:condition\" content=\"new\" \/>\n<!-- \/ Yoast SEO Premium plugin. -->","yoast_head_json":{"title":"Gutschein - H\u00fcpferli-Segel","description":"Unsicher bei der Farbkombination f\u00fcr das Geschenk oder du m\u00f6chtest einen Teil zur Tasche dazugeben? Kein Problem mit dem Gutschein f\u00fcr unseren Online-Shop.","robots":{"index":"index","follow":"follow","max-snippet":"max-snippet:-1","max-image-preview":"max-image-preview:large","max-video-preview":"max-video-preview:-1"},"canonical":"https:\/\/huepferli-segel.de\/en\/produkt\/gutschein\/","og_locale":"en_US","og_type":"article","og_title":"Gutschein","og_description":"Unsicher bei der Farbkombination f\u00fcr das Geschenk oder du m\u00f6chtest einen Teil zur Tasche dazugeben? Kein Problem mit dem Gutschein f\u00fcr unseren Online-Shop.","og_url":"https:\/\/huepferli-segel.de\/en\/produkt\/gutschein\/","og_site_name":"H\u00fcpferli-Segel","article_modified_time":"2025-11-25T06:41:26+00:00","og_image":[{"width":2560,"height":2560,"url":"https:\/\/huepferli-segel.de\/wp-content\/uploads\/2025\/11\/Gutschein-Produktbild-scaled.png","type":"image\/png"}],"twitter_card":"summary_large_image","twitter_misc":{"Price":"","Availability":"In stock"},"schema":{"@context":"https:\/\/schema.org","@graph":[{"@type":"WebPage","@id":"https:\/\/huepferli-segel.de\/en\/produkt\/gutschein\/","url":"https:\/\/huepferli-segel.de\/en\/produkt\/gutschein\/","name":"Gutschein - H\u00fcpferli-Segel","isPartOf":{"@id":"https:\/\/huepferli-segel.de\/en\/#website"},"primaryImageOfPage":{"@id":"https:\/\/huepferli-segel.de\/en\/produkt\/gutschein\/#primaryimage"},"image":{"@id":"https:\/\/huepferli-segel.de\/en\/produkt\/gutschein\/#primaryimage"},"thumbnailUrl":"https:\/\/huepferli-segel.de\/wp-content\/uploads\/2025\/11\/Gutschein-Produktbild-scaled.png","datePublished":"2025-11-25T06:26:01+00:00","dateModified":"2025-11-25T06:41:26+00:00","description":"Unsicher bei der Farbkombination f\u00fcr das Geschenk oder du m\u00f6chtest einen Teil zur Tasche dazugeben? Kein Problem mit dem Gutschein f\u00fcr unseren Online-Shop.","breadcrumb":{"@id":"https:\/\/huepferli-segel.de\/en\/produkt\/gutschein\/#breadcrumb"},"inLanguage":"en-US","potentialAction":[{"@type":"ReadAction","target":["https:\/\/huepferli-segel.de\/en\/produkt\/gutschein\/"]}]},{"@type":"ImageObject","inLanguage":"en-US","@id":"https:\/\/huepferli-segel.de\/en\/produkt\/gutschein\/#primaryimage","url":"https:\/\/huepferli-segel.de\/wp-content\/uploads\/2025\/11\/Gutschein-Produktbild-scaled.png","contentUrl":"https:\/\/huepferli-segel.de\/wp-content\/uploads\/2025\/11\/Gutschein-Produktbild-scaled.png","width":2560,"height":2560},{"@type":"BreadcrumbList","@id":"https:\/\/huepferli-segel.de\/en\/produkt\/gutschein\/#breadcrumb","itemListElement":[{"@type":"ListItem","position":1,"name":"Home","item":"https:\/\/huepferli-segel.de\/en\/"},{"@type":"ListItem","position":2,"name":"Products","item":"https:\/\/huepferli-segel.de\/en\/shop\/"},{"@type":"ListItem","position":3,"name":"Gutschein"}]},{"@type":"WebSite","@id":"https:\/\/huepferli-segel.de\/en\/#website","url":"https:\/\/huepferli-segel.de\/en\/","name":"H\u00fcpferli-Segel","description":"","publisher":{"@id":"https:\/\/huepferli-segel.de\/en\/#organization"},"potentialAction":[{"@type":"SearchAction","target":{"@type":"EntryPoint","urlTemplate":"https:\/\/huepferli-segel.de\/en\/?s={search_term_string}"},"query-input":{"@type":"PropertyValueSpecification","valueRequired":true,"valueName":"search_term_string"}}],"inLanguage":"en-US"},{"@type":"Organization","@id":"https:\/\/huepferli-segel.de\/en\/#organization","name":"H\u00fcpferli-Segel","url":"https:\/\/huepferli-segel.de\/en\/","logo":{"@type":"ImageObject","inLanguage":"en-US","@id":"https:\/\/huepferli-segel.de\/en\/#\/schema\/logo\/image\/","url":"https:\/\/huepferli-segel.de\/wp-content\/uploads\/2024\/07\/Original-2.webp","contentUrl":"https:\/\/huepferli-segel.de\/wp-content\/uploads\/2024\/07\/Original-2.webp","width":350,"height":351,"caption":"H\u00fcpferli-Segel"},"image":{"@id":"https:\/\/huepferli-segel.de\/en\/#\/schema\/logo\/image\/"}}]},"product_price_currency":"EUR","og_availability":"instock","product_availability":"instock","product_condition":"new"},"_links":{"self":[{"href":"https:\/\/huepferli-segel.de\/en\/wp-json\/wp\/v2\/product\/19312","targetHints":{"allow":["GET"]}}],"collection":[{"href":"https:\/\/huepferli-segel.de\/en\/wp-json\/wp\/v2\/product"}],"about":[{"href":"https:\/\/huepferli-segel.de\/en\/wp-json\/wp\/v2\/types\/product"}],"version-history":[{"count":5,"href":"https:\/\/huepferli-segel.de\/en\/wp-json\/wp\/v2\/product\/19312\/revisions"}],"predecessor-version":[{"id":19361,"href":"https:\/\/huepferli-segel.de\/en\/wp-json\/wp\/v2\/product\/19312\/revisions\/19361"}],"wp:featuredmedia":[{"embeddable":true,"href":"https:\/\/huepferli-segel.de\/en\/wp-json\/wp\/v2\/media\/19313"}],"wp:attachment":[{"href":"https:\/\/huepferli-segel.de\/en\/wp-json\/wp\/v2\/media?parent=19312"}],"wp:term":[{"taxonomy":"product_brand","embeddable":true,"href":"https:\/\/huepferli-segel.de\/en\/wp-json\/wp\/v2\/product_brand?post=19312"},{"taxonomy":"product_cat","embeddable":true,"href":"https:\/\/huepferli-segel.de\/en\/wp-json\/wp\/v2\/product_cat?post=19312"},{"taxonomy":"product_tag","embeddable":true,"href":"https:\/\/huepferli-segel.de\/en\/wp-json\/wp\/v2\/product_tag?post=19312"}],"curies":[{"name":"wp","href":"https:\/\/api.w.org\/{rel}","templated":true}]}}